{"id":2660,"date":"2025-10-13T15:13:01","date_gmt":"2025-10-13T15:13:01","guid":{"rendered":"https:\/\/lighthouse-lawfirm.com\/?page_id=2660"},"modified":"2025-10-23T19:13:15","modified_gmt":"2025-10-23T19:13:15","slug":"maitre-mohamed-yazid-mazouzi-2","status":"publish","type":"page","link":"https:\/\/lighthouse-lawfirm.com\/fr\/maitre-mohamed-yazid-mazouzi-2\/","title":{"rendered":"Ma\u00eetre Mohamed Yazid MAZOUZI"},"content":{"rendered":"<div data-elementor-type=\"wp-page\" data-elementor-id=\"2660\" class=\"elementor elementor-2660\">\n\t\t\t\t<div class=\"elementor-element elementor-element-77ef227c e-flex e-con-boxed wpr-particle-no wpr-jarallax-no wpr-parallax-no wpr-sticky-section-no wpr-equal-height-no e-con e-parent\" data-id=\"77ef227c\" data-element_type=\"container\" data-e-type=\"container\">\n\t\t\t\t\t<div class=\"e-con-inner\">\n\t\t\t\t<div class=\"elementor-element elementor-element-5e6eb842 elementor-widget elementor-widget-text-editor\" data-id=\"5e6eb842\" data-element_type=\"widget\" data-e-type=\"widget\" data-widget_type=\"text-editor.default\">\n\t\t\t\t\t\t\t\t\t<h3 style=\"text-align: center;\"><span style=\"color: #000000;\"><strong>Ma\u00eetre Mohamed Yazid MAZOUZI<\/strong><\/span><\/h3>\n<p><!-- \/wp:paragraph --><!-- wp:paragraph --><\/p>\n<h4 style=\"text-align: center;\"><span style=\"color: #ff0000;\"><strong>Avocat Partenaire<\/strong><\/span><\/h4>\n<p><!-- \/wp:paragraph --><!-- wp:table --><\/p>\n<figure class=\"wp-block-table\">\n<table class=\"has-fixed-layout\">\n<tbody>\n<tr>\n<td rowspan=\"4\"><img decoding=\"async\" class=\"alignnone size-full wp-image-1773\" src=\"https:\/\/lighthouse-lawfirm.com\/wp-content\/uploads\/2025\/07\/Capture-decran-2025-07-30-153312.jpg\" alt=\"\" width=\"195\" height=\"231\"><\/td>\n<td>\n<h3><span style=\"color: #ff0000;\"><strong>Formation&nbsp;:<\/strong> <strong>&nbsp;<\/strong><\/span><\/h3>\n<p>Certificat d\u2019Aptitude \u00e0 l\u2019exercice de la Profession d\u2019Avocat \u2013 CAPA \u2013 Casablanca ;<\/p>\n<p>3\u00e8me cycle (Etudes Sup\u00e9rieures Approfondies) en Droit des Affaires \u2013 Universit\u00e9 Hassan II \u2013 Facult\u00e9 des Sciences Juridiques, Economiques et Sociales de Casablanca ;<\/p>\n<p>Licence en Droit Priv\u00e9 \u2013 Universit\u00e9 Hassan II \u2013 Facult\u00e9 des Sciences Juridiques, Economiques et Sociales de Casablanca.<\/p>\n<\/td>\n<\/tr>\n<tr>\n<td>\n<h3><span style=\"color: #ff0000;\"><strong>Langues&nbsp;:<\/strong><\/span><\/h3>\n<p><strong>&nbsp;<\/strong> <strong>Fran\u00e7ais \u2013 Anglais \u2013 Arabe<\/strong>&nbsp;<\/p>\n<p><img decoding=\"async\" class=\"alignnone size-full wp-image-2648 alignleft\" src=\"https:\/\/lighthouse-lawfirm.com\/wp-content\/uploads\/2025\/10\/Picture17.png\" alt=\"\" width=\"52\" height=\"52\"> <img decoding=\"async\" class=\"alignnone size-full wp-image-2647 alignleft\" src=\"https:\/\/lighthouse-lawfirm.com\/wp-content\/uploads\/2025\/10\/Picture16.png\" alt=\"\" width=\"51\" height=\"51\"> <img loading=\"lazy\" decoding=\"async\" class=\"alignnone size-full wp-image-2646 alignleft\" src=\"https:\/\/lighthouse-lawfirm.com\/wp-content\/uploads\/2025\/10\/Picture15.jpg\" alt=\"\" width=\"62\" height=\"62\"><\/p>\n<\/td>\n<\/tr>\n<tr>\n<td>\n<h3><span style=\"color: #ff0000;\"><strong>Expertises&nbsp;:<\/strong> <strong>&nbsp;<\/strong><\/span><\/h3>\n<p>Contrats (n\u00e9gociation, r\u00e9daction, revue, analyse, audit) ;<\/p>\n<p>Consultations juridiques dans tous les domaines juridiques,Propri\u00e9t\u00e9 intellectuelle (marques, dessins, mod\u00e8les industriels,,,) ;<\/p>\n<p>Droit social ;<\/p>\n<p>Contentieux ;<\/p>\n<p>Droit p\u00e9nal ;<\/p>\n<p>Droit commercial. <strong>&nbsp;<\/strong><\/p>\n<\/td>\n<\/tr>\n<tr>\n<td>\n<h3><span style=\"color: #ff0000;\"><strong>Publications et Enseignement :<\/strong><\/span><\/h3>\n<p>L\u2019adaptation du contrat international \u00e0 l\u2019\u00e9preuve de laCovid19, Village Justice, Droit europ\u00e9en, communautaire et international,14 mai 2020 ;<\/p>\n<p>La contrefa\u00e7on sur internet&nbsp;: Approche comparative transfrontali\u00e8re, Art\u00e9mis, le 22 juillet 2020 ;<\/p>\n<p>La clause de non-concurrence: Une clause en constante \u00e9volution, \u0645\u062c\u0644\u0629 \u0627\u0644\u0639\u0644\u0645\u064a\u0629 \u0644\u0644\u0642\u0627\u0646\u0648\u0646 , &nbsp;Mars 2022 ;<\/p>\n<p>Professeur En mati\u00e8re de Propri\u00e9t\u00e9 intellectuelle au master Droit des affaires et proc\u00e9dures judiciaires- Facult\u00e9 Hassan Premier de droit de settat. <strong>&nbsp;<\/strong><\/p>\n<\/td>\n<\/tr>\n<\/tbody>\n<\/table>\n<\/figure>\n<p><!-- \/wp:table --><\/p>\t\t\t\t\t\t\t\t<\/div>\n\t\t\t\t\t<\/div>\n\t\t\t\t<\/div>\n\t\t\t\t<\/div>","protected":false},"excerpt":{"rendered":"<p>Ma\u00eetre Mohamed Yazid MAZOUZI Avocat Partenaire Formation&nbsp;: &nbsp; Certificat d\u2019Aptitude \u00e0 l\u2019exercice de la Profession d\u2019Avocat \u2013 CAPA \u2013 Casablanca ; 3\u00e8me cycle (Etudes Sup\u00e9rieures Approfondies) en Droit des Affaires \u2013 Universit\u00e9 Hassan II \u2013 Facult\u00e9 des Sciences Juridiques, Economiques et Sociales de Casablanca ; Licence en Droit Priv\u00e9 \u2013 Universit\u00e9 Hassan II \u2013 Facult\u00e9 des Sciences Juridiques, Economiques et Sociales de Casablanca. Langues&nbsp;: &nbsp; Fran\u00e7ais \u2013 Anglais \u2013 Arabe&nbsp; Expertises&nbsp;: &nbsp; Contrats (n\u00e9gociation, r\u00e9daction, revue, analyse, audit) ; Consultations juridiques dans tous les domaines juridiques,Propri\u00e9t\u00e9 intellectuelle (marques, dessins, mod\u00e8les industriels,,,) ; Droit social ; Contentieux ; Droit p\u00e9nal ; Droit commercial. &nbsp; Publications et Enseignement : L\u2019adaptation du contrat international \u00e0 l\u2019\u00e9preuve de laCovid19, Village Justice, Droit europ\u00e9en, communautaire et international,14 mai 2020 ; La contrefa\u00e7on sur internet&nbsp;: Approche comparative transfrontali\u00e8re, Art\u00e9mis, le 22 juillet 2020 ; La clause de non-concurrence: Une clause en constante \u00e9volution, \u0645\u062c\u0644\u0629 \u0627\u0644\u0639\u0644\u0645\u064a\u0629 \u0644\u0644\u0642\u0627\u0646\u0648\u0646 , &nbsp;Mars 2022 ; Professeur En mati\u00e8re de Propri\u00e9t\u00e9 intellectuelle au master Droit des affaires et proc\u00e9dures judiciaires- Facult\u00e9 Hassan Premier de droit de settat. &nbsp;<\/p>","protected":false},"author":2,"featured_media":0,"parent":0,"menu_order":0,"comment_status":"closed","ping_status":"closed","template":"","meta":{"_monsterinsights_skip_tracking":false,"_monsterinsights_sitenote_active":false,"_monsterinsights_sitenote_note":"","_monsterinsights_sitenote_category":0,"_uf_show_specific_survey":0,"_uf_disable_surveys":false,"footnotes":""},"class_list":["post-2660","page","type-page","status-publish","hentry"],"aioseo_notices":[],"jetpack_sharing_enabled":true,"_links":{"self":[{"href":"https:\/\/lighthouse-lawfirm.com\/fr\/wp-json\/wp\/v2\/pages\/2660","targetHints":{"allow":["GET"]}}],"collection":[{"href":"https:\/\/lighthouse-lawfirm.com\/fr\/wp-json\/wp\/v2\/pages"}],"about":[{"href":"https:\/\/lighthouse-lawfirm.com\/fr\/wp-json\/wp\/v2\/types\/page"}],"author":[{"embeddable":true,"href":"https:\/\/lighthouse-lawfirm.com\/fr\/wp-json\/wp\/v2\/users\/2"}],"replies":[{"embeddable":true,"href":"https:\/\/lighthouse-lawfirm.com\/fr\/wp-json\/wp\/v2\/comments?post=2660"}],"version-history":[{"count":10,"href":"https:\/\/lighthouse-lawfirm.com\/fr\/wp-json\/wp\/v2\/pages\/2660\/revisions"}],"predecessor-version":[{"id":2700,"href":"https:\/\/lighthouse-lawfirm.com\/fr\/wp-json\/wp\/v2\/pages\/2660\/revisions\/2700"}],"wp:attachment":[{"href":"https:\/\/lighthouse-lawfirm.com\/fr\/wp-json\/wp\/v2\/media?parent=2660"}],"curies":[{"name":"wp","href":"https:\/\/api.w.org\/{rel}","templated":true}]}}