{"id":2654,"date":"2025-10-13T15:06:38","date_gmt":"2025-10-13T15:06:38","guid":{"rendered":"https:\/\/lighthouse-lawfirm.com\/?page_id=2654"},"modified":"2025-10-13T15:11:02","modified_gmt":"2025-10-13T15:11:02","slug":"fatem-az-zahra-liraki","status":"publish","type":"page","link":"https:\/\/lighthouse-lawfirm.com\/fr\/fatem-az-zahra-liraki\/","title":{"rendered":"Fatem Az-Zahra LIRAKI"},"content":{"rendered":"<div data-elementor-type=\"wp-page\" data-elementor-id=\"2654\" class=\"elementor elementor-2654\">\n\t\t\t\t<div class=\"elementor-element elementor-element-b5ec4a1 e-flex e-con-boxed wpr-particle-no wpr-jarallax-no wpr-parallax-no wpr-sticky-section-no wpr-equal-height-no e-con e-parent\" data-id=\"b5ec4a1\" data-element_type=\"container\" data-e-type=\"container\">\n\t\t\t\t\t<div class=\"e-con-inner\">\n\t\t\t\t<div class=\"elementor-element elementor-element-8bcd65e elementor-widget elementor-widget-text-editor\" data-id=\"8bcd65e\" data-element_type=\"widget\" data-e-type=\"widget\" data-widget_type=\"text-editor.default\">\n\t\t\t\t\t\t\t\t\t<h3 style=\"text-align: center;\"><span style=\"color: #000000;\"><strong>Fatem Az-Zahra LIRAKI<\/strong><\/span><\/h3><h4 style=\"text-align: center;\"><span style=\"color: #ff0000;\"><strong>Associ\u00e9e<\/strong><\/span><\/h4><table><tbody><tr><td rowspan=\"2\" width=\"246\"><img decoding=\"async\" class=\"alignnone size-full wp-image-2656\" src=\"https:\/\/lighthouse-lawfirm.com\/wp-content\/uploads\/2025\/10\/Picture19.png\" alt=\"\" width=\"198\" height=\"229\" \/><\/td><td width=\"336\"><h3><span style=\"color: #ff0000;\"><strong>Formation\u00a0:<\/strong><\/span><\/h3><p>-Certificat d\u2019Aptitude \u00e0 l\u2019exercice de la Profession d\u2019Avocat \u2013 CAPA \u2013 Casablanca ;<\/p><p>-3\u00e8me cycle (Etudes Sup\u00e9rieures Approfondies) en Droit des Affaires \u2013 Universit\u00e9 Hassan II \u2013 Facult\u00e9 des Sciences Juridiques, Economiques et Sociales de Casablanca ;<\/p><p>-Licence en Droit Priv\u00e9 \u2013 Universit\u00e9 Hassan II \u2013 Facult\u00e9 des Sciences Juridiques, Economiques et Sociales de Casablanca.<\/p><\/td><\/tr><tr><td width=\"336\"><h3><span style=\"color: #ff0000;\"><strong>Langues\u00a0:<\/strong><\/span><\/h3><p><strong>Fran\u00e7ais \u2013 Anglais \u2013 Arabe<\/strong><\/p><p><img decoding=\"async\" class=\"alignnone size-full wp-image-2648 alignleft\" src=\"https:\/\/lighthouse-lawfirm.com\/wp-content\/uploads\/2025\/10\/Picture17.png\" alt=\"\" width=\"52\" height=\"52\" \/> <img decoding=\"async\" class=\"alignnone size-full wp-image-2647 alignleft\" src=\"https:\/\/lighthouse-lawfirm.com\/wp-content\/uploads\/2025\/10\/Picture16.png\" alt=\"\" width=\"51\" height=\"51\" \/> <img loading=\"lazy\" decoding=\"async\" class=\"alignnone  wp-image-2646 alignleft\" src=\"https:\/\/lighthouse-lawfirm.com\/wp-content\/uploads\/2025\/10\/Picture15.jpg\" alt=\"\" width=\"58\" height=\"58\" \/><\/p><\/td><\/tr><tr><td width=\"246\"><p><strong>\u00a0<\/strong><\/p><\/td><td width=\"336\"><h3><span style=\"color: #ff0000;\"><strong>Expertises\u00a0:<\/strong><\/span><\/h3><p>-M&amp;A ;<\/p><p>-Private Equity ;<\/p><p>-Audits juridiques ;<\/p><p>-Op\u00e9rations sur le capital, Transfert d\u2019activit\u00e9, dissolution et liquidation de soci\u00e9t\u00e9s, transformation de la forme juridique des soci\u00e9t\u00e9s, cr\u00e9ation de soci\u00e9t\u00e9s \u2026 ;<\/p><p>-R\u00e9alisation de la proc\u00e9dure de demande de conventions d\u2019investissements avec l\u2019Etat \u2013 Charte d\u2019investissement ;<\/p><p>-Contrats (n\u00e9gociation, r\u00e9daction, revue, analyse, audit) ;<\/p><p>-R\u00e9alisation de la proc\u00e9dure d\u2019obtention du permis de travail et assistance dans le cadre de l\u2019obtention de titres de s\u00e9jour pour les \u00e9trangers;<\/p><p>-Consultations juridiques diverses (Droit des Affaires, PI, NTIC, Droit de la Concurrence, Droit du Travail, investissement au Maroc, \u2026) ;<\/p><p>-Assistance juridique dans divers domaines ;<\/p><p>-Recouvrement ;<\/p><p>-Animation de formations pour le compte de professionnels.<\/p><p><strong>\u00a0<\/strong><\/p><\/td><\/tr><\/tbody><\/table><p>\u00a0<\/p><p>\u00a0<\/p>\t\t\t\t\t\t\t\t<\/div>\n\t\t\t\t\t<\/div>\n\t\t\t\t<\/div>\n\t\t\t\t<\/div>","protected":false},"excerpt":{"rendered":"<p>Fatem Az-Zahra LIRAKI Associ\u00e9e Formation\u00a0: -Certificat d\u2019Aptitude \u00e0 l\u2019exercice de la Profession d\u2019Avocat \u2013 CAPA \u2013 Casablanca ; -3\u00e8me cycle (Etudes Sup\u00e9rieures Approfondies) en Droit des Affaires \u2013 Universit\u00e9 Hassan II \u2013 Facult\u00e9 des Sciences Juridiques, Economiques et Sociales de Casablanca ; -Licence en Droit Priv\u00e9 \u2013 Universit\u00e9 Hassan II \u2013 Facult\u00e9 des Sciences Juridiques, Economiques et Sociales de Casablanca. Langues\u00a0: Fran\u00e7ais \u2013 Anglais \u2013 Arabe \u00a0 Expertises\u00a0: -M&amp;A ; -Private Equity ; -Audits juridiques ; -Op\u00e9rations sur le capital, Transfert d\u2019activit\u00e9, dissolution et liquidation de soci\u00e9t\u00e9s, transformation de la forme juridique des soci\u00e9t\u00e9s, cr\u00e9ation de soci\u00e9t\u00e9s \u2026 ; -R\u00e9alisation de la proc\u00e9dure de demande de conventions d\u2019investissements avec l\u2019Etat \u2013 Charte d\u2019investissement ; -Contrats (n\u00e9gociation, r\u00e9daction, revue, analyse, audit) ; -R\u00e9alisation de la proc\u00e9dure d\u2019obtention du permis de travail et assistance dans le cadre de l\u2019obtention de titres de s\u00e9jour pour les \u00e9trangers; -Consultations juridiques diverses (Droit des Affaires, PI, NTIC, Droit de la Concurrence, Droit du Travail, investissement au Maroc, \u2026) ; -Assistance juridique dans divers domaines ; -Recouvrement ; -Animation de formations pour le compte de professionnels. \u00a0 \u00a0 \u00a0<\/p>","protected":false},"author":2,"featured_media":0,"parent":0,"menu_order":0,"comment_status":"closed","ping_status":"closed","template":"","meta":{"_monsterinsights_skip_tracking":false,"_monsterinsights_sitenote_active":false,"_monsterinsights_sitenote_note":"","_monsterinsights_sitenote_category":0,"_uf_show_specific_survey":0,"_uf_disable_surveys":false,"footnotes":""},"class_list":["post-2654","page","type-page","status-publish","hentry"],"aioseo_notices":[],"jetpack_sharing_enabled":true,"_links":{"self":[{"href":"https:\/\/lighthouse-lawfirm.com\/fr\/wp-json\/wp\/v2\/pages\/2654","targetHints":{"allow":["GET"]}}],"collection":[{"href":"https:\/\/lighthouse-lawfirm.com\/fr\/wp-json\/wp\/v2\/pages"}],"about":[{"href":"https:\/\/lighthouse-lawfirm.com\/fr\/wp-json\/wp\/v2\/types\/page"}],"author":[{"embeddable":true,"href":"https:\/\/lighthouse-lawfirm.com\/fr\/wp-json\/wp\/v2\/users\/2"}],"replies":[{"embeddable":true,"href":"https:\/\/lighthouse-lawfirm.com\/fr\/wp-json\/wp\/v2\/comments?post=2654"}],"version-history":[{"count":4,"href":"https:\/\/lighthouse-lawfirm.com\/fr\/wp-json\/wp\/v2\/pages\/2654\/revisions"}],"predecessor-version":[{"id":2659,"href":"https:\/\/lighthouse-lawfirm.com\/fr\/wp-json\/wp\/v2\/pages\/2654\/revisions\/2659"}],"wp:attachment":[{"href":"https:\/\/lighthouse-lawfirm.com\/fr\/wp-json\/wp\/v2\/media?parent=2654"}],"curies":[{"name":"wp","href":"https:\/\/api.w.org\/{rel}","templated":true}]}}