{"id":11,"date":"2023-08-17T08:02:53","date_gmt":"2023-08-17T08:02:53","guid":{"rendered":"https:\/\/demosites.royal-elementor-addons.com\/nature-v2\/?page_id=11"},"modified":"2025-12-09T17:33:53","modified_gmt":"2025-12-09T17:33:53","slug":"about","status":"publish","type":"page","link":"https:\/\/lighthouse-lawfirm.com\/fr\/about\/","title":{"rendered":"About"},"content":{"rendered":"<div data-elementor-type=\"wp-page\" data-elementor-id=\"11\" class=\"elementor elementor-11\">\n\t\t\t\t\t\t<section class=\"elementor-section elementor-top-section elementor-element elementor-element-1cf472d elementor-section-boxed elementor-section-height-default elementor-section-height-default wpr-particle-no wpr-jarallax-no wpr-parallax-no wpr-sticky-section-no wpr-equal-height-no\" data-id=\"1cf472d\" data-element_type=\"section\" data-e-type=\"section\" data-settings=\"{&quot;background_background&quot;:&quot;video&quot;,&quot;background_video_link&quot;:&quot;https:\\\/\\\/youtu.be\\\/FHF4k-pHSyA&quot;,&quot;background_play_on_mobile&quot;:&quot;yes&quot;}\">\n\t\t\t\t\t\t\t\t<div class=\"elementor-background-video-container\">\n\t\t\t\t\t\t\t\t\t\t\t\t\t<div class=\"elementor-background-video-embed\" role=\"presentation\"><\/div>\n\t\t\t\t\t\t\t\t\t\t\t\t<\/div>\n\t\t\t\t\t\t\t\t\t<div class=\"elementor-background-overlay\"><\/div>\n\t\t\t\t\t\t\t<div class=\"elementor-container elementor-column-gap-default\">\n\t\t\t\t\t<div class=\"elementor-column elementor-col-100 elementor-top-column elementor-element elementor-element-d339750\" data-id=\"d339750\" data-element_type=\"column\" data-e-type=\"column\">\n\t\t\t<div class=\"elementor-widget-wrap elementor-element-populated\">\n\t\t\t\t\t\t<div class=\"elementor-element elementor-element-33ed139 elementor-widget elementor-widget-heading\" data-id=\"33ed139\" data-element_type=\"widget\" data-e-type=\"widget\" data-widget_type=\"heading.default\">\n\t\t\t\t\t<h2 class=\"elementor-heading-title elementor-size-default\">About<\/h2>\t\t\t\t<\/div>\n\t\t\t\t\t<\/div>\n\t\t<\/div>\n\t\t\t\t\t<\/div>\n\t\t<\/section>\n\t\t\t\t<section class=\"elementor-section elementor-top-section elementor-element elementor-element-39d6be1 elementor-section-boxed elementor-section-height-default elementor-section-height-default wpr-particle-no wpr-jarallax-no wpr-parallax-no wpr-sticky-section-no wpr-equal-height-no\" data-id=\"39d6be1\" data-element_type=\"section\" data-e-type=\"section\">\n\t\t\t\t\t\t<div class=\"elementor-container elementor-column-gap-default\">\n\t\t\t\t\t<div class=\"elementor-column elementor-col-50 elementor-top-column elementor-element elementor-element-0079843\" data-id=\"0079843\" data-element_type=\"column\" data-e-type=\"column\">\n\t\t\t<div class=\"elementor-widget-wrap elementor-element-populated\">\n\t\t\t\t\t\t<div class=\"elementor-element elementor-element-3bb6087 elementor-invisible elementor-widget elementor-widget-image\" data-id=\"3bb6087\" data-element_type=\"widget\" data-e-type=\"widget\" data-settings=\"{&quot;_animation&quot;:&quot;fadeInLeft&quot;}\" data-widget_type=\"image.default\">\n\t\t\t\t\t\t\t\t\t\t\t\t\t\t\t<img fetchpriority=\"high\" decoding=\"async\" width=\"494\" height=\"412\" src=\"https:\/\/lighthouse-lawfirm.com\/wp-content\/uploads\/2025\/07\/Capture-decran-2025-07-30-142823.jpg\" class=\"attachment-large size-large wp-image-1761\" alt=\"LIGHTHOUSE LAW FIRM\" srcset=\"https:\/\/lighthouse-lawfirm.com\/wp-content\/uploads\/2025\/07\/Capture-decran-2025-07-30-142823.jpg 494w, https:\/\/lighthouse-lawfirm.com\/wp-content\/uploads\/2025\/07\/Capture-decran-2025-07-30-142823-300x250.jpg 300w\" sizes=\"(max-width: 494px) 100vw, 494px\" \/>\t\t\t\t\t\t\t\t\t\t\t\t\t\t\t<\/div>\n\t\t\t\t\t<\/div>\n\t\t<\/div>\n\t\t\t\t<div class=\"elementor-column elementor-col-50 elementor-top-column elementor-element elementor-element-7630a78\" data-id=\"7630a78\" data-element_type=\"column\" data-e-type=\"column\">\n\t\t\t<div class=\"elementor-widget-wrap elementor-element-populated\">\n\t\t\t\t\t\t<div class=\"elementor-element elementor-element-0a7ca18 elementor-invisible elementor-widget elementor-widget-text-editor\" data-id=\"0a7ca18\" data-element_type=\"widget\" data-e-type=\"widget\" data-settings=\"{&quot;_animation&quot;:&quot;fadeInRight&quot;}\" data-widget_type=\"text-editor.default\">\n\t\t\t\t\t\t\t\t\t<p>LIGHTHOUSE LAW FIRM est un cabinet de conseil juridique, d\u2019avocats et d\u2019expertise en assurances qui intervient dans les domaines du droit au Maroc et \u00e0 l\u2019international<\/p>\t\t\t\t\t\t\t\t<\/div>\n\t\t\t\t<div class=\"elementor-element elementor-element-c4b8a63 animated-slow elementor-invisible elementor-widget elementor-widget-text-editor\" data-id=\"c4b8a63\" data-element_type=\"widget\" data-e-type=\"widget\" data-settings=\"{&quot;_animation&quot;:&quot;fadeInRight&quot;}\" data-widget_type=\"text-editor.default\">\n\t\t\t\t\t\t\t\t\t<p class=\"translation-block\">en procurant \u00e0 ses clients une expertise pointue et recherch\u00e9e, bas\u00e9e sur un travail intellectuel soutenu et une veille juridique constante.\nAu fait des \u00e9volutions l\u00e9gislatives et r\u00e9glementaires, ainsi que de l\u2019actualit\u00e9 des affaires, en se tenant r\u00e9guli\u00e8rement inform\u00e9, le cabinet est r\u00e9put\u00e9 pour son excellence dans le conseil juridique comme dans la maitrise des proc\u00e9dures contentieuses et l\u2019expertise en assurances.<\/p>\t\t\t\t\t\t\t\t<\/div>\n\t\t\t\t<div class=\"elementor-element elementor-element-166da42 elementor-invisible elementor-widget elementor-widget-text-editor\" data-id=\"166da42\" data-element_type=\"widget\" data-e-type=\"widget\" data-settings=\"{&quot;_animation&quot;:&quot;fadeInRight&quot;}\" data-widget_type=\"text-editor.default\">\n\t\t\t\t\t\t\t\t\t<p>LIGHTHOUSE LAW FIRM est un cabinet d\u2019origine anglaise, implant\u00e9 \u00e0 la fois au Royaume-Uni (Londres) et au Maroc.<\/p>\t\t\t\t\t\t\t\t<\/div>\n\t\t\t\t<div class=\"elementor-element elementor-element-ef45d77 animated-slow elementor-invisible elementor-widget elementor-widget-text-editor\" data-id=\"ef45d77\" data-element_type=\"widget\" data-e-type=\"widget\" data-settings=\"{&quot;_animation&quot;:&quot;fadeInRight&quot;}\" data-widget_type=\"text-editor.default\">\n\t\t\t\t\t\t\t\t\t<p>Dans un monde o\u00f9 r\u00e8gnent l\u2019incertitude et la complexit\u00e9 croissante des enjeux juridiques, LIGHTHOUSE LAW FIRM se positionne comme un v\u00e9ritable phare, \u00e9clairant chaque \u00e9tape de votre parcours. Forts d\u2019une expertise pointue en droit des contrats, assurances, blockchain, traduction juridique et protection des donn\u00e9es, nous vous accompagnons avec clart\u00e9 et rigueur vers des d\u00e9cisions juridiques s\u00fbres et \u00e9clair\u00e9es<\/p>\t\t\t\t\t\t\t\t<\/div>\n\t\t\t\t\t<\/div>\n\t\t<\/div>\n\t\t\t\t\t<\/div>\n\t\t<\/section>\n\t\t\t\t<section class=\"elementor-section elementor-top-section elementor-element elementor-element-f6c5214 elementor-section-boxed elementor-section-height-default elementor-section-height-default wpr-particle-no wpr-jarallax-no wpr-parallax-no wpr-sticky-section-no wpr-equal-height-no\" data-id=\"f6c5214\" data-element_type=\"section\" data-e-type=\"section\">\n\t\t\t\t\t\t<div class=\"elementor-container elementor-column-gap-default\">\n\t\t\t\t\t<div class=\"elementor-column elementor-col-100 elementor-top-column elementor-element elementor-element-ee28f21\" data-id=\"ee28f21\" data-element_type=\"column\" data-e-type=\"column\">\n\t\t\t<div class=\"elementor-widget-wrap elementor-element-populated\">\n\t\t\t\t\t\t<div class=\"elementor-element elementor-element-b5bbe9d elementor-widget-divider--view-line elementor-widget elementor-widget-divider\" data-id=\"b5bbe9d\" data-element_type=\"widget\" data-e-type=\"widget\" data-widget_type=\"divider.default\">\n\t\t\t\t\t\t\t<div class=\"elementor-divider\">\n\t\t\t<span class=\"elementor-divider-separator\">\n\t\t\t\t\t\t<\/span>\n\t\t<\/div>\n\t\t\t\t\t\t<\/div>\n\t\t\t\t<div class=\"elementor-element elementor-element-8c18eea elementor-widget elementor-widget-heading\" data-id=\"8c18eea\" data-element_type=\"widget\" data-e-type=\"widget\" data-widget_type=\"heading.default\">\n\t\t\t\t\t<h2 class=\"elementor-heading-title elementor-size-default\"><span id=\"docs-internal-guid-61a16e73-7fff-96de-4c07-a3e739a6c449\"><p dir=\"ltr\" style=\"line-height:1.294999968;margin-top:0pt;margin-bottom:8pt\"><span style=\"font-family: Arial, sans-serif;background-color: transparent;font-weight: 700;font-style: normal;vertical-align: baseline\">Our Commitments<\/span><\/p><\/span><\/h2>\t\t\t\t<\/div>\n\t\t\t\t<div class=\"elementor-element elementor-element-a73d525 elementor-widget-divider--view-line elementor-widget elementor-widget-divider\" data-id=\"a73d525\" data-element_type=\"widget\" data-e-type=\"widget\" data-widget_type=\"divider.default\">\n\t\t\t\t\t\t\t<div class=\"elementor-divider\">\n\t\t\t<span class=\"elementor-divider-separator\">\n\t\t\t\t\t\t<\/span>\n\t\t<\/div>\n\t\t\t\t\t\t<\/div>\n\t\t\t\t\t<\/div>\n\t\t<\/div>\n\t\t\t\t\t<\/div>\n\t\t<\/section>\n\t\t\t\t<section class=\"elementor-section elementor-top-section elementor-element elementor-element-2f8e429 elementor-section-boxed elementor-section-height-default elementor-section-height-default wpr-particle-no wpr-jarallax-no wpr-parallax-no wpr-sticky-section-no wpr-equal-height-no\" data-id=\"2f8e429\" data-element_type=\"section\" data-e-type=\"section\">\n\t\t\t\t\t\t<div class=\"elementor-container elementor-column-gap-default\">\n\t\t\t\t\t<div class=\"elementor-column elementor-col-100 elementor-top-column elementor-element elementor-element-768aae2\" data-id=\"768aae2\" data-element_type=\"column\" data-e-type=\"column\">\n\t\t\t<div class=\"elementor-widget-wrap elementor-element-populated\">\n\t\t\t\t\t\t<div class=\"elementor-element elementor-element-c71b4ed elementor-widget elementor-widget-image\" data-id=\"c71b4ed\" data-element_type=\"widget\" data-e-type=\"widget\" data-widget_type=\"image.default\">\n\t\t\t\t\t\t\t\t\t\t\t\t\t\t\t<img decoding=\"async\" width=\"768\" height=\"513\" src=\"https:\/\/lighthouse-lawfirm.com\/wp-content\/uploads\/2025\/07\/000115946_896x598_c-1-768x513.jpeg\" class=\"attachment-medium_large size-medium_large wp-image-1765\" alt=\"\" srcset=\"https:\/\/lighthouse-lawfirm.com\/wp-content\/uploads\/2025\/07\/000115946_896x598_c-1-768x513.jpeg 768w, https:\/\/lighthouse-lawfirm.com\/wp-content\/uploads\/2025\/07\/000115946_896x598_c-1-300x200.jpeg 300w, https:\/\/lighthouse-lawfirm.com\/wp-content\/uploads\/2025\/07\/000115946_896x598_c-1.jpeg 896w\" sizes=\"(max-width: 768px) 100vw, 768px\" \/>\t\t\t\t\t\t\t\t\t\t\t\t\t\t\t<\/div>\n\t\t\t\t<section class=\"elementor-section elementor-inner-section elementor-element elementor-element-c630a54 elementor-section-boxed elementor-section-height-default elementor-section-height-default wpr-particle-no wpr-jarallax-no wpr-parallax-no wpr-sticky-section-no wpr-equal-height-no\" data-id=\"c630a54\" data-element_type=\"section\" data-e-type=\"section\" data-settings=\"{&quot;background_background&quot;:&quot;gradient&quot;}\">\n\t\t\t\t\t\t<div class=\"elementor-container elementor-column-gap-default\">\n\t\t\t\t\t<div class=\"elementor-column elementor-col-33 elementor-inner-column elementor-element elementor-element-2335c8a\" data-id=\"2335c8a\" data-element_type=\"column\" data-e-type=\"column\">\n\t\t\t<div class=\"elementor-widget-wrap elementor-element-populated\">\n\t\t\t\t\t\t<div class=\"elementor-element elementor-element-014361a elementor-widget elementor-widget-heading\" data-id=\"014361a\" data-element_type=\"widget\" data-e-type=\"widget\" data-widget_type=\"heading.default\">\n\t\t\t\t\t<h2 class=\"elementor-heading-title elementor-size-default\">Conflit d\u2019int\u00e9r\u00eat\n<\/h2>\t\t\t\t<\/div>\n\t\t\t\t<div class=\"elementor-element elementor-element-42c7659 elementor-widget-divider--view-line elementor-widget elementor-widget-divider\" data-id=\"42c7659\" data-element_type=\"widget\" data-e-type=\"widget\" data-widget_type=\"divider.default\">\n\t\t\t\t\t\t\t<div class=\"elementor-divider\">\n\t\t\t<span class=\"elementor-divider-separator\">\n\t\t\t\t\t\t<\/span>\n\t\t<\/div>\n\t\t\t\t\t\t<\/div>\n\t\t\t\t<div class=\"elementor-element elementor-element-addd3d5 elementor-widget elementor-widget-text-editor\" data-id=\"addd3d5\" data-element_type=\"widget\" data-e-type=\"widget\" data-widget_type=\"text-editor.default\">\n\t\t\t\t\t\t\t\t\t<p>LIGHTHOUSE LAW FIRM s\u2019interdit d\u2019accepter une mission, de conseil ou de contentieux, qui le mettrait en situation de conflit d\u2019int\u00e9r\u00eat avec un autre client du cabinet, ou dans une situation o\u00f9 la neutralit\u00e9 et l\u2019ind\u00e9pendance du cabinet s\u2019en trouveraient affect\u00e9es.<\/p>\t\t\t\t\t\t\t\t<\/div>\n\t\t\t\t\t<\/div>\n\t\t<\/div>\n\t\t\t\t<div class=\"elementor-column elementor-col-33 elementor-inner-column elementor-element elementor-element-e024bd8\" data-id=\"e024bd8\" data-element_type=\"column\" data-e-type=\"column\">\n\t\t\t<div class=\"elementor-widget-wrap elementor-element-populated\">\n\t\t\t\t\t\t<div class=\"elementor-element elementor-element-37a2786 elementor-widget elementor-widget-heading\" data-id=\"37a2786\" data-element_type=\"widget\" data-e-type=\"widget\" data-widget_type=\"heading.default\">\n\t\t\t\t\t<h2 class=\"elementor-heading-title elementor-size-default\">Confidentialit\u00e9 et secret professionnel<\/h2>\t\t\t\t<\/div>\n\t\t\t\t<div class=\"elementor-element elementor-element-5fba8a7 elementor-widget-divider--view-line elementor-widget elementor-widget-divider\" data-id=\"5fba8a7\" data-element_type=\"widget\" data-e-type=\"widget\" data-widget_type=\"divider.default\">\n\t\t\t\t\t\t\t<div class=\"elementor-divider\">\n\t\t\t<span class=\"elementor-divider-separator\">\n\t\t\t\t\t\t<\/span>\n\t\t<\/div>\n\t\t\t\t\t\t<\/div>\n\t\t\t\t<div class=\"elementor-element elementor-element-f35e3a4 elementor-widget elementor-widget-text-editor\" data-id=\"f35e3a4\" data-element_type=\"widget\" data-e-type=\"widget\" data-widget_type=\"text-editor.default\">\n\t\t\t\t\t\t\t\t\t<p><span style=\"font-weight: 400;\">LIGHTHOUSE LAW FIRM est astreint, dans les termes et dispositions des textes l\u00e9gaux et r\u00e9glementaires applicables, au secret professionnel le plus absolu et s\u2019interdit, aussi bien pour les avocats du cabinet et toute autre personne concern\u00e9e, de divulguer, pour quelque raison qu\u2019elle soit et sous quelque pr\u00e9texte qu\u2019il soit, toute information concernant le cas trait\u00e9, le client lui-m\u00eame ou toute autre information ayant un rapport direct ou indirect avec le cas en question.<\/span><\/p>\t\t\t\t\t\t\t\t<\/div>\n\t\t\t\t\t<\/div>\n\t\t<\/div>\n\t\t\t\t<div class=\"elementor-column elementor-col-33 elementor-inner-column elementor-element elementor-element-7f09210\" data-id=\"7f09210\" data-element_type=\"column\" data-e-type=\"column\">\n\t\t\t<div class=\"elementor-widget-wrap elementor-element-populated\">\n\t\t\t\t\t\t<div class=\"elementor-element elementor-element-b36948d elementor-widget elementor-widget-heading\" data-id=\"b36948d\" data-element_type=\"widget\" data-e-type=\"widget\" data-widget_type=\"heading.default\">\n\t\t\t\t\t<h2 class=\"elementor-heading-title elementor-size-default\">Protection des donn\u00e9es<\/h2>\t\t\t\t<\/div>\n\t\t\t\t<div class=\"elementor-element elementor-element-e0f1e52 elementor-widget-divider--view-line elementor-widget elementor-widget-divider\" data-id=\"e0f1e52\" data-element_type=\"widget\" data-e-type=\"widget\" data-widget_type=\"divider.default\">\n\t\t\t\t\t\t\t<div class=\"elementor-divider\">\n\t\t\t<span class=\"elementor-divider-separator\">\n\t\t\t\t\t\t<\/span>\n\t\t<\/div>\n\t\t\t\t\t\t<\/div>\n\t\t\t\t<div class=\"elementor-element elementor-element-48e39a9 elementor-widget elementor-widget-text-editor\" data-id=\"48e39a9\" data-element_type=\"widget\" data-e-type=\"widget\" data-widget_type=\"text-editor.default\">\n\t\t\t\t\t\t\t\t\t<p>LIGHTHOUSE LAW FIRM prend toutes les pr\u00e9cautions utiles et n\u00e9cessaires afin d\u2019assurer l\u2019int\u00e9grit\u00e9 et la conservation des donn\u00e9es qu\u2019il d\u00e9tient dans le cadre de la r\u00e9alisation de la Mission; ainsi que de toutes informations qui lui ont \u00e9t\u00e9 transmises \u00e0 cette occasion.<\/p>\t\t\t\t\t\t\t\t<\/div>\n\t\t\t\t\t<\/div>\n\t\t<\/div>\n\t\t\t\t\t<\/div>\n\t\t<\/section>\n\t\t\t\t\t<\/div>\n\t\t<\/div>\n\t\t\t\t\t<\/div>\n\t\t<\/section>\n\t\t\t\t<\/div>","protected":false},"excerpt":{"rendered":"<p>About LIGHTHOUSE LAW FIRM is a legal consulting, law, and insurance expertise firm that operates in the fields of law in Morocco and internationally, Providing its clients with cutting-edge and sought-after expertise based on sustained intellectual work and constant legal monitoring.Aware of legislative and regulatory developments, as well as current business developments, and keeping itself regularly informed, the firm is renowned for its excellence in legal advice, litigation procedures, and insurance expertise. LIGHTHOUSE LAW FIRM is an English-based firm with offices in both the United Kingdom (London) and Morocco. In a world characterized by uncertainty and the increasing complexity of legal issues, LIGHTHOUSE LAW FIRM positions itself as a true beacon, illuminating every step of your journey. With our in-depth expertise in contract law, insurance, blockchain, legal translation and data protection, we support you with clarity and rigor towards safe and informed legal decisions. Our Commitments Conflict of interest LIGHTHOUSE LAW FIRM refrains from accepting any mission, consultancy or litigation, which would place it in a situation of conflict of interest with another client of the firm, or in a situation where the neutrality and independence of the firm would be affected. Confidentiality and professional secrecy LIGHTHOUSE LAW FIRM est astreint, dans les termes et dispositions des textes l\u00e9gaux et r\u00e9glementaires applicables, au secret professionnel le plus absolu et s\u2019interdit, aussi bien pour les avocats du cabinet et toute autre personne concern\u00e9e, de divulguer, pour quelque raison qu\u2019elle soit et sous quelque pr\u00e9texte qu\u2019il soit, toute information concernant le cas trait\u00e9, le client lui-m\u00eame ou toute autre information ayant un rapport direct ou indirect avec le cas en question. Data protection LIGHTHOUSE LAW FIRM takes all useful and necessary precautions to ensure the integrity and conservation of the data it holds in the context of carrying out the Mission; as well as all information transmitted to it on this occasion.<\/p>","protected":false},"author":1,"featured_media":0,"parent":0,"menu_order":0,"comment_status":"closed","ping_status":"closed","template":"","meta":{"_monsterinsights_skip_tracking":false,"_monsterinsights_sitenote_active":false,"_monsterinsights_sitenote_note":"","_monsterinsights_sitenote_category":0,"_uf_show_specific_survey":0,"_uf_disable_surveys":false,"footnotes":""},"class_list":["post-11","page","type-page","status-publish","hentry"],"aioseo_notices":[],"jetpack_sharing_enabled":true,"_links":{"self":[{"href":"https:\/\/lighthouse-lawfirm.com\/fr\/wp-json\/wp\/v2\/pages\/11","targetHints":{"allow":["GET"]}}],"collection":[{"href":"https:\/\/lighthouse-lawfirm.com\/fr\/wp-json\/wp\/v2\/pages"}],"about":[{"href":"https:\/\/lighthouse-lawfirm.com\/fr\/wp-json\/wp\/v2\/types\/page"}],"author":[{"embeddable":true,"href":"https:\/\/lighthouse-lawfirm.com\/fr\/wp-json\/wp\/v2\/users\/1"}],"replies":[{"embeddable":true,"href":"https:\/\/lighthouse-lawfirm.com\/fr\/wp-json\/wp\/v2\/comments?post=11"}],"version-history":[{"count":229,"href":"https:\/\/lighthouse-lawfirm.com\/fr\/wp-json\/wp\/v2\/pages\/11\/revisions"}],"predecessor-version":[{"id":2747,"href":"https:\/\/lighthouse-lawfirm.com\/fr\/wp-json\/wp\/v2\/pages\/11\/revisions\/2747"}],"wp:attachment":[{"href":"https:\/\/lighthouse-lawfirm.com\/fr\/wp-json\/wp\/v2\/media?parent=11"}],"curies":[{"name":"wp","href":"https:\/\/api.w.org\/{rel}","templated":true}]}}